{"id":236,"date":"2026-03-30T07:38:56","date_gmt":"2026-03-30T07:38:56","guid":{"rendered":"https:\/\/argusdog.eu\/?page_id=236"},"modified":"2026-03-30T07:46:17","modified_gmt":"2026-03-30T07:46:17","slug":"dokumenti","status":"publish","type":"page","link":"https:\/\/argusdog.eu\/?page_id=236","title":{"rendered":"DOKUMENTI"},"content":{"rendered":"\n<p><a href=\"https:\/\/kennelgroup.eu\/aktuali\/\" target=\"_blank\" rel=\"noopener\" title=\"\">\u0160\u0136IR\u0145U KLASIFIK\u0100CIJA PA GRUP\u0100M<\/a><\/p>\n\n\n\n<p><a href=\"https:\/\/kennelgroup.eu\/aktuali\/\" target=\"_blank\" rel=\"noopener\" title=\"\">EUROPEAN KENNEL GROUP IZST\u0100\u017dU NOLIKUMS\u00a0<\/a><\/p>\n\n\n\n<p>\u010cEMPIONU TITULU PIE\u0160\u0136IR\u0160ANAS NOTEIKUMI<\/p>\n","protected":false},"excerpt":{"rendered":"<p>\u0160\u0136IR\u0145U KLASIFIK\u0100CIJA PA GRUP\u0100M EUROPEAN KENNEL GROUP IZST\u0100\u017dU NOLIKUMS\u00a0 \u010cEMPIONU TITULU PIE\u0160\u0136IR\u0160ANAS NOTEIKUMI<\/p>\n","protected":false},"author":1,"featured_media":0,"parent":0,"menu_order":0,"comment_status":"closed","ping_status":"closed","template":"","meta":{"footnotes":""},"class_list":["post-236","page","type-page","status-publish","hentry"],"aioseo_notices":[],"_links":{"self":[{"href":"https:\/\/argusdog.eu\/index.php?rest_route=\/wp\/v2\/pages\/236","targetHints":{"allow":["GET"]}}],"collection":[{"href":"https:\/\/argusdog.eu\/index.php?rest_route=\/wp\/v2\/pages"}],"about":[{"href":"https:\/\/argusdog.eu\/index.php?rest_route=\/wp\/v2\/types\/page"}],"author":[{"embeddable":true,"href":"https:\/\/argusdog.eu\/index.php?rest_route=\/wp\/v2\/users\/1"}],"replies":[{"embeddable":true,"href":"https:\/\/argusdog.eu\/index.php?rest_route=%2Fwp%2Fv2%2Fcomments&post=236"}],"version-history":[{"count":3,"href":"https:\/\/argusdog.eu\/index.php?rest_route=\/wp\/v2\/pages\/236\/revisions"}],"predecessor-version":[{"id":249,"href":"https:\/\/argusdog.eu\/index.php?rest_route=\/wp\/v2\/pages\/236\/revisions\/249"}],"wp:attachment":[{"href":"https:\/\/argusdog.eu\/index.php?rest_route=%2Fwp%2Fv2%2Fmedia&parent=236"}],"curies":[{"name":"wp","href":"https:\/\/api.w.org\/{rel}","templated":true}]}}