{"id":238,"date":"2026-03-30T07:39:24","date_gmt":"2026-03-30T07:39:24","guid":{"rendered":"https:\/\/argusdog.eu\/?page_id=238"},"modified":"2026-03-30T08:02:25","modified_gmt":"2026-03-30T08:02:25","slug":"par-mums","status":"publish","type":"page","link":"https:\/\/argusdog.eu\/?page_id=238","title":{"rendered":"PAR MUMS"},"content":{"rendered":"\n<figure class=\"wp-block-image size-large\"><img loading=\"lazy\" decoding=\"async\" width=\"1024\" height=\"512\" src=\"https:\/\/argusdog.eu\/wp-content\/uploads\/2026\/03\/BANERARGUS-1024x512.jpg\" alt=\"\" class=\"wp-image-256\" srcset=\"https:\/\/argusdog.eu\/wp-content\/uploads\/2026\/03\/BANERARGUS-1024x512.jpg 1024w, https:\/\/argusdog.eu\/wp-content\/uploads\/2026\/03\/BANERARGUS-300x150.jpg 300w, https:\/\/argusdog.eu\/wp-content\/uploads\/2026\/03\/BANERARGUS-768x384.jpg 768w, https:\/\/argusdog.eu\/wp-content\/uploads\/2026\/03\/BANERARGUS-1536x768.jpg 1536w, https:\/\/argusdog.eu\/wp-content\/uploads\/2026\/03\/BANERARGUS.jpg 2048w\" sizes=\"auto, (max-width: 1024px) 100vw, 1024px\" \/><\/figure>\n\n\n\n<p><\/p>\n\n\n\n<p><strong>PAR KLUBU<\/strong><\/p>\n\n\n\n<p>Kinolo\u0123iskais klubs \u201cArgus\u201d ir su\u0146u \u012bpa\u0161nieku, audz\u0113t\u0101ju un speci\u0101listu apvien\u012bba, kurus vieno m\u012blest\u012bba pret su\u0146iem un v\u0113lme att\u012bst\u012bt atbild\u012bgas su\u0146u audz\u0113\u0161anas kult\u016bru.<\/p>\n\n\n\n<p>Kluba nosaukumam ir simboliska noz\u012bme. Sengrie\u0137u mitolo\u0123ij\u0101 Arguss ir visu redzo\u0161s sargs, kam bija daudz acu \u2014 tikai divas no t\u0101m gul\u0113ja, kam\u0113r p\u0101r\u0113j\u0101s turpin\u0101ja v\u0113rot apk\u0101rt\u0113jo pasauli. \u0160is t\u0113ls lieliski atspogu\u013co vienu no su\u0146a galvenaj\u0101m lom\u0101m \u2014 b\u016bt uzman\u012bgam, uzticamam un dro\u0161am cilv\u0113ka pavadonim.<\/p>\n\n\n\n<p>Klubs \u201cArgus\u201d darbojas Latvij\u0101 kop\u0161 2014. gada.<\/p>\n\n\n\n<p>\u0160odien klubs apvieno da\u017e\u0101du su\u0146u \u0161\u0137ir\u0146u p\u0101rst\u0101vjus. Kluba biedri akt\u012bvi piedal\u0101s izst\u0101d\u0113s un kinolo\u0123iskajos pas\u0101kumos, demonstr\u0113jot augstu su\u0146u sagatavot\u012bbas l\u012bmeni un regul\u0101ri sasniedzot augstus rezult\u0101tus.<\/p>\n\n\n\n<p>Svar\u012bga kluba darb\u012bbas da\u013ca ir kinolo\u0123isk\u0101s kopienas att\u012bst\u012bba. \u201cArgus\u201d organiz\u0113 izst\u0101des, kluba pas\u0101kumus un kinolo\u0123iskos sv\u0113tkus, k\u0101 ar\u012b r\u012bko labdar\u012bbas akcijas dz\u012bvnieku patversmju atbalstam.<\/p>\n\n\n\n<p>Kluba prezidente Marina Pi\u0161ko ir profesion\u0101la kinolo\u0123e, starptautiskas kategorijas eksperte. Pateicoties vi\u0146as pieredzei un profesionalit\u0101tei, klubs nodro\u0161ina augstu kinolo\u0123isk\u0101 darba l\u012bmeni un atbalstu su\u0146u \u012bpa\u0161niekiem.<\/p>\n\n\n\n<p>Klubs \u201cArgus\u201d sniedz vispus\u012bgu pal\u012bdz\u012bbu su\u0146u \u012bpa\u0161niekiem:<\/p>\n\n\n\n<ul class=\"wp-block-list\">\n<li>konsult\u0101cijas par \u0161\u0137irnes izv\u0113li<\/li>\n\n\n\n<li>pal\u012bdz\u012bba uzticamu audz\u0113t\u0101ju atra\u0161an\u0101<\/li>\n\n\n\n<li>atbalsts veterin\u0101r\u0101s apr\u016bpes, vakcin\u0101cijas un \u010dip\u0113\u0161anas jaut\u0101jumos<\/li>\n\n\n\n<li>izst\u0101\u017eu organiz\u0113\u0161ana<\/li>\n\n\n\n<li>konsult\u0101cijas par kuc\u0113nu audz\u0113\u0161anu<\/li>\n<\/ul>\n\n\n\n<p>Kluba galvenais uzdevums ir pal\u012bdz\u0113t katram su\u0146a \u012bpa\u0161niekam sajust to \u012bpa\u0161o prieku, ko dz\u012bv\u0113 ienes \u010detrk\u0101jains \u0123imenes loceklis.<\/p>\n\n\n\n<p>Visus kluba dal\u012bbniekus vieno patiesa m\u012blest\u012bba pret su\u0146iem un draudz\u012bga atmosf\u0113ra. T\u0101p\u0113c pa\u0161i biedri bie\u017ei d\u0113v\u0113 \u201cArgus\u201d vienk\u0101r\u0161i un sirsn\u012bgi \u2014 \u201cm\u016bsu liel\u0101 su\u0146um\u012b\u013cu \u0123imene\u201d.<\/p>\n","protected":false},"excerpt":{"rendered":"<p>PAR KLUBU Kinolo\u0123iskais klubs \u201cArgus\u201d ir su\u0146u \u012bpa\u0161nieku, audz\u0113t\u0101ju un speci\u0101listu apvien\u012bba, kurus vieno m\u012blest\u012bba pret su\u0146iem un v\u0113lme att\u012bst\u012bt atbild\u012bgas su\u0146u audz\u0113\u0161anas kult\u016bru. Kluba nosaukumam ir simboliska noz\u012bme. Sengrie\u0137u mitolo\u0123ij\u0101 Arguss ir visu redzo\u0161s sargs, kam bija daudz acu \u2014 tikai divas no t\u0101m gul\u0113ja, kam\u0113r p\u0101r\u0113j\u0101s turpin\u0101ja v\u0113rot apk\u0101rt\u0113jo pasauli. \u0160is t\u0113ls lieliski [&hellip;]<\/p>\n","protected":false},"author":1,"featured_media":0,"parent":0,"menu_order":0,"comment_status":"closed","ping_status":"closed","template":"","meta":{"footnotes":""},"class_list":["post-238","page","type-page","status-publish","hentry"],"aioseo_notices":[],"_links":{"self":[{"href":"https:\/\/argusdog.eu\/index.php?rest_route=\/wp\/v2\/pages\/238","targetHints":{"allow":["GET"]}}],"collection":[{"href":"https:\/\/argusdog.eu\/index.php?rest_route=\/wp\/v2\/pages"}],"about":[{"href":"https:\/\/argusdog.eu\/index.php?rest_route=\/wp\/v2\/types\/page"}],"author":[{"embeddable":true,"href":"https:\/\/argusdog.eu\/index.php?rest_route=\/wp\/v2\/users\/1"}],"replies":[{"embeddable":true,"href":"https:\/\/argusdog.eu\/index.php?rest_route=%2Fwp%2Fv2%2Fcomments&post=238"}],"version-history":[{"count":5,"href":"https:\/\/argusdog.eu\/index.php?rest_route=\/wp\/v2\/pages\/238\/revisions"}],"predecessor-version":[{"id":260,"href":"https:\/\/argusdog.eu\/index.php?rest_route=\/wp\/v2\/pages\/238\/revisions\/260"}],"wp:attachment":[{"href":"https:\/\/argusdog.eu\/index.php?rest_route=%2Fwp%2Fv2%2Fmedia&parent=238"}],"curies":[{"name":"wp","href":"https:\/\/api.w.org\/{rel}","templated":true}]}}